{"id":177,"date":"2022-05-23T11:51:25","date_gmt":"2022-05-23T09:51:25","guid":{"rendered":"https:\/\/murielcollache-tcc.com\/?page_id=177"},"modified":"2022-06-02T09:07:21","modified_gmt":"2022-06-02T07:07:21","slug":"therapies-tcc","status":"publish","type":"page","link":"https:\/\/murielcollache-tcc.com\/index.php\/therapies-tcc\/","title":{"rendered":"Th\u00e9rapies TCC \/ TECC"},"content":{"rendered":"","protected":false},"excerpt":{"rendered":"","protected":false},"author":2,"featured_media":0,"parent":0,"menu_order":0,"comment_status":"closed","ping_status":"closed","template":"","meta":{"footnotes":""},"class_list":["post-177","page","type-page","status-publish","hentry"],"yoast_head":"<!-- This site is optimized with the Yoast SEO plugin v18.9 - https:\/\/yoast.com\/wordpress\/plugins\/seo\/ -->\n<title>Th\u00e9rapies TCC \/ TECC - Muriel Collache Th\u00e9rapeute<\/title>\n<meta name=\"description\" content=\"Dans l\u2019approche TCC, la th\u00e9rapeute et le patient travaillent tout d\u2019abord en collaboration pour comprendre les difficult\u00e9s \u00e0 travers les \u00e9motions, les pens\u00e9es et les comportements, et leurs interactions.\" \/>\n<meta name=\"robots\" content=\"index, follow, max-snippet:-1, max-image-preview:large, max-video-preview:-1\" \/>\n<link rel=\"canonical\" href=\"https:\/\/murielcollache-tcc.com\/index.php\/therapies-tcc\/\" \/>\n<meta property=\"og:locale\" content=\"fr_FR\" \/>\n<meta property=\"og:type\" content=\"article\" \/>\n<meta property=\"og:title\" content=\"Th\u00e9rapies TCC \/ TECC - Muriel Collache Th\u00e9rapeute\" \/>\n<meta property=\"og:description\" content=\"Dans l\u2019approche TCC, la th\u00e9rapeute et le patient travaillent tout d\u2019abord en collaboration pour comprendre les difficult\u00e9s \u00e0 travers les \u00e9motions, les pens\u00e9es et les comportements, et leurs interactions.\" \/>\n<meta property=\"og:url\" content=\"https:\/\/murielcollache-tcc.com\/index.php\/therapies-tcc\/\" \/>\n<meta property=\"og:site_name\" content=\"Muriel Collache Th\u00e9rapeute\" \/>\n<meta property=\"article:modified_time\" content=\"2022-06-02T07:07:21+00:00\" \/>\n<meta name=\"twitter:card\" content=\"summary_large_image\" \/>\n<script type=\"application\/ld+json\" class=\"yoast-schema-graph\">{\"@context\":\"https:\/\/schema.org\",\"@graph\":[{\"@type\":\"WebSite\",\"@id\":\"https:\/\/murielcollache-tcc.com\/#website\",\"url\":\"https:\/\/murielcollache-tcc.com\/\",\"name\":\"Muriel Collache Th\u00e9rapeute\",\"description\":\"TCC Therapies cognitives et comportementales\",\"potentialAction\":[{\"@type\":\"SearchAction\",\"target\":{\"@type\":\"EntryPoint\",\"urlTemplate\":\"https:\/\/murielcollache-tcc.com\/?s={search_term_string}\"},\"query-input\":\"required name=search_term_string\"}],\"inLanguage\":\"fr-FR\"},{\"@type\":\"WebPage\",\"@id\":\"https:\/\/murielcollache-tcc.com\/index.php\/therapies-tcc\/#webpage\",\"url\":\"https:\/\/murielcollache-tcc.com\/index.php\/therapies-tcc\/\",\"name\":\"Th\u00e9rapies TCC \/ TECC - Muriel Collache Th\u00e9rapeute\",\"isPartOf\":{\"@id\":\"https:\/\/murielcollache-tcc.com\/#website\"},\"datePublished\":\"2022-05-23T09:51:25+00:00\",\"dateModified\":\"2022-06-02T07:07:21+00:00\",\"description\":\"Dans l\u2019approche TCC, la th\u00e9rapeute et le patient travaillent tout d\u2019abord en collaboration pour comprendre les difficult\u00e9s \u00e0 travers les \u00e9motions, les pens\u00e9es et les comportements, et leurs interactions.\",\"breadcrumb\":{\"@id\":\"https:\/\/murielcollache-tcc.com\/index.php\/therapies-tcc\/#breadcrumb\"},\"inLanguage\":\"fr-FR\",\"potentialAction\":[{\"@type\":\"ReadAction\",\"target\":[\"https:\/\/murielcollache-tcc.com\/index.php\/therapies-tcc\/\"]}]},{\"@type\":\"BreadcrumbList\",\"@id\":\"https:\/\/murielcollache-tcc.com\/index.php\/therapies-tcc\/#breadcrumb\",\"itemListElement\":[{\"@type\":\"ListItem\",\"position\":1,\"name\":\"Accueil\",\"item\":\"https:\/\/murielcollache-tcc.com\/\"},{\"@type\":\"ListItem\",\"position\":2,\"name\":\"Th\u00e9rapies TCC \/ TECC\"}]}]}<\/script>\n<!-- \/ Yoast SEO plugin. -->","yoast_head_json":{"title":"Th\u00e9rapies TCC \/ TECC - Muriel Collache Th\u00e9rapeute","description":"Dans l\u2019approche TCC, la th\u00e9rapeute et le patient travaillent tout d\u2019abord en collaboration pour comprendre les difficult\u00e9s \u00e0 travers les \u00e9motions, les pens\u00e9es et les comportements, et leurs interactions.","robots":{"index":"index","follow":"follow","max-snippet":"max-snippet:-1","max-image-preview":"max-image-preview:large","max-video-preview":"max-video-preview:-1"},"canonical":"https:\/\/murielcollache-tcc.com\/index.php\/therapies-tcc\/","og_locale":"fr_FR","og_type":"article","og_title":"Th\u00e9rapies TCC \/ TECC - Muriel Collache Th\u00e9rapeute","og_description":"Dans l\u2019approche TCC, la th\u00e9rapeute et le patient travaillent tout d\u2019abord en collaboration pour comprendre les difficult\u00e9s \u00e0 travers les \u00e9motions, les pens\u00e9es et les comportements, et leurs interactions.","og_url":"https:\/\/murielcollache-tcc.com\/index.php\/therapies-tcc\/","og_site_name":"Muriel Collache Th\u00e9rapeute","article_modified_time":"2022-06-02T07:07:21+00:00","twitter_card":"summary_large_image","schema":{"@context":"https:\/\/schema.org","@graph":[{"@type":"WebSite","@id":"https:\/\/murielcollache-tcc.com\/#website","url":"https:\/\/murielcollache-tcc.com\/","name":"Muriel Collache Th\u00e9rapeute","description":"TCC Therapies cognitives et comportementales","potentialAction":[{"@type":"SearchAction","target":{"@type":"EntryPoint","urlTemplate":"https:\/\/murielcollache-tcc.com\/?s={search_term_string}"},"query-input":"required name=search_term_string"}],"inLanguage":"fr-FR"},{"@type":"WebPage","@id":"https:\/\/murielcollache-tcc.com\/index.php\/therapies-tcc\/#webpage","url":"https:\/\/murielcollache-tcc.com\/index.php\/therapies-tcc\/","name":"Th\u00e9rapies TCC \/ TECC - Muriel Collache Th\u00e9rapeute","isPartOf":{"@id":"https:\/\/murielcollache-tcc.com\/#website"},"datePublished":"2022-05-23T09:51:25+00:00","dateModified":"2022-06-02T07:07:21+00:00","description":"Dans l\u2019approche TCC, la th\u00e9rapeute et le patient travaillent tout d\u2019abord en collaboration pour comprendre les difficult\u00e9s \u00e0 travers les \u00e9motions, les pens\u00e9es et les comportements, et leurs interactions.","breadcrumb":{"@id":"https:\/\/murielcollache-tcc.com\/index.php\/therapies-tcc\/#breadcrumb"},"inLanguage":"fr-FR","potentialAction":[{"@type":"ReadAction","target":["https:\/\/murielcollache-tcc.com\/index.php\/therapies-tcc\/"]}]},{"@type":"BreadcrumbList","@id":"https:\/\/murielcollache-tcc.com\/index.php\/therapies-tcc\/#breadcrumb","itemListElement":[{"@type":"ListItem","position":1,"name":"Accueil","item":"https:\/\/murielcollache-tcc.com\/"},{"@type":"ListItem","position":2,"name":"Th\u00e9rapies TCC \/ TECC"}]}]}},"_links":{"self":[{"href":"https:\/\/murielcollache-tcc.com\/index.php\/wp-json\/wp\/v2\/pages\/177","targetHints":{"allow":["GET"]}}],"collection":[{"href":"https:\/\/murielcollache-tcc.com\/index.php\/wp-json\/wp\/v2\/pages"}],"about":[{"href":"https:\/\/murielcollache-tcc.com\/index.php\/wp-json\/wp\/v2\/types\/page"}],"author":[{"embeddable":true,"href":"https:\/\/murielcollache-tcc.com\/index.php\/wp-json\/wp\/v2\/users\/2"}],"replies":[{"embeddable":true,"href":"https:\/\/murielcollache-tcc.com\/index.php\/wp-json\/wp\/v2\/comments?post=177"}],"version-history":[{"count":4,"href":"https:\/\/murielcollache-tcc.com\/index.php\/wp-json\/wp\/v2\/pages\/177\/revisions"}],"predecessor-version":[{"id":190,"href":"https:\/\/murielcollache-tcc.com\/index.php\/wp-json\/wp\/v2\/pages\/177\/revisions\/190"}],"wp:attachment":[{"href":"https:\/\/murielcollache-tcc.com\/index.php\/wp-json\/wp\/v2\/media?parent=177"}],"curies":[{"name":"wp","href":"https:\/\/api.w.org\/{rel}","templated":true}]}}