{"id":22,"date":"2020-10-21T13:49:43","date_gmt":"2020-10-21T11:49:43","guid":{"rendered":"https:\/\/themes.muffingroup.com\/be\/spa6\/?page_id=22"},"modified":"2024-03-17T13:57:57","modified_gmt":"2024-03-17T12:57:57","slug":"accueil","status":"publish","type":"page","link":"https:\/\/murielcollache-tcc.com\/","title":{"rendered":"Accueil"},"content":{"rendered":"","protected":false},"excerpt":{"rendered":"","protected":false},"author":1,"featured_media":0,"parent":0,"menu_order":0,"comment_status":"closed","ping_status":"closed","template":"","meta":{"footnotes":""},"class_list":["post-22","page","type-page","status-publish","hentry"],"yoast_head":"<!-- This site is optimized with the Yoast SEO plugin v18.9 - https:\/\/yoast.com\/wordpress\/plugins\/seo\/ -->\n<title>Muriel Collache Th\u00e9rapeute TCC<\/title>\n<meta name=\"description\" content=\"Je re\u00e7ois en consultation des adultes et adolescents \u00e0 Muel. Mon accompagnement est bas\u00e9 sur les th\u00e9rapies \u00e9motionnelles, cognitives et comportementales.\" \/>\n<meta name=\"robots\" content=\"index, follow, max-snippet:-1, max-image-preview:large, max-video-preview:-1\" \/>\n<link rel=\"canonical\" href=\"https:\/\/murielcollache-tcc.com\/\" \/>\n<meta property=\"og:locale\" content=\"fr_FR\" \/>\n<meta property=\"og:type\" content=\"article\" \/>\n<meta property=\"og:title\" content=\"Muriel Collache Th\u00e9rapeute TCC\" \/>\n<meta property=\"og:description\" content=\"Je re\u00e7ois en consultation des adultes et adolescents \u00e0 Muel. Mon accompagnement est bas\u00e9 sur les th\u00e9rapies \u00e9motionnelles, cognitives et comportementales.\" \/>\n<meta property=\"og:url\" content=\"https:\/\/murielcollache-tcc.com\/\" \/>\n<meta property=\"og:site_name\" content=\"Muriel Collache Th\u00e9rapeute\" \/>\n<meta property=\"article:modified_time\" content=\"2024-03-17T12:57:57+00:00\" \/>\n<meta name=\"twitter:card\" content=\"summary_large_image\" \/>\n<script type=\"application\/ld+json\" class=\"yoast-schema-graph\">{\"@context\":\"https:\/\/schema.org\",\"@graph\":[{\"@type\":\"WebSite\",\"@id\":\"https:\/\/murielcollache-tcc.com\/#website\",\"url\":\"https:\/\/murielcollache-tcc.com\/\",\"name\":\"Muriel Collache Th\u00e9rapeute\",\"description\":\"TCC Therapies cognitives et comportementales\",\"potentialAction\":[{\"@type\":\"SearchAction\",\"target\":{\"@type\":\"EntryPoint\",\"urlTemplate\":\"https:\/\/murielcollache-tcc.com\/?s={search_term_string}\"},\"query-input\":\"required name=search_term_string\"}],\"inLanguage\":\"fr-FR\"},{\"@type\":\"WebPage\",\"@id\":\"https:\/\/murielcollache-tcc.com\/#webpage\",\"url\":\"https:\/\/murielcollache-tcc.com\/\",\"name\":\"Muriel Collache Th\u00e9rapeute TCC\",\"isPartOf\":{\"@id\":\"https:\/\/murielcollache-tcc.com\/#website\"},\"datePublished\":\"2020-10-21T11:49:43+00:00\",\"dateModified\":\"2024-03-17T12:57:57+00:00\",\"description\":\"Je re\u00e7ois en consultation des adultes et adolescents \u00e0 Muel. Mon accompagnement est bas\u00e9 sur les th\u00e9rapies \u00e9motionnelles, cognitives et comportementales.\",\"breadcrumb\":{\"@id\":\"https:\/\/murielcollache-tcc.com\/#breadcrumb\"},\"inLanguage\":\"fr-FR\",\"potentialAction\":[{\"@type\":\"ReadAction\",\"target\":[\"https:\/\/murielcollache-tcc.com\/\"]}]},{\"@type\":\"BreadcrumbList\",\"@id\":\"https:\/\/murielcollache-tcc.com\/#breadcrumb\",\"itemListElement\":[{\"@type\":\"ListItem\",\"position\":1,\"name\":\"Accueil\",\"item\":\"https:\/\/murielcollache-tcc.com\/\"},{\"@type\":\"ListItem\",\"position\":2,\"name\":\"Accueil\"}]}]}<\/script>\n<!-- \/ Yoast SEO plugin. -->","yoast_head_json":{"title":"Muriel Collache Th\u00e9rapeute TCC","description":"Je re\u00e7ois en consultation des adultes et adolescents \u00e0 Muel. Mon accompagnement est bas\u00e9 sur les th\u00e9rapies \u00e9motionnelles, cognitives et comportementales.","robots":{"index":"index","follow":"follow","max-snippet":"max-snippet:-1","max-image-preview":"max-image-preview:large","max-video-preview":"max-video-preview:-1"},"canonical":"https:\/\/murielcollache-tcc.com\/","og_locale":"fr_FR","og_type":"article","og_title":"Muriel Collache Th\u00e9rapeute TCC","og_description":"Je re\u00e7ois en consultation des adultes et adolescents \u00e0 Muel. Mon accompagnement est bas\u00e9 sur les th\u00e9rapies \u00e9motionnelles, cognitives et comportementales.","og_url":"https:\/\/murielcollache-tcc.com\/","og_site_name":"Muriel Collache Th\u00e9rapeute","article_modified_time":"2024-03-17T12:57:57+00:00","twitter_card":"summary_large_image","schema":{"@context":"https:\/\/schema.org","@graph":[{"@type":"WebSite","@id":"https:\/\/murielcollache-tcc.com\/#website","url":"https:\/\/murielcollache-tcc.com\/","name":"Muriel Collache Th\u00e9rapeute","description":"TCC Therapies cognitives et comportementales","potentialAction":[{"@type":"SearchAction","target":{"@type":"EntryPoint","urlTemplate":"https:\/\/murielcollache-tcc.com\/?s={search_term_string}"},"query-input":"required name=search_term_string"}],"inLanguage":"fr-FR"},{"@type":"WebPage","@id":"https:\/\/murielcollache-tcc.com\/#webpage","url":"https:\/\/murielcollache-tcc.com\/","name":"Muriel Collache Th\u00e9rapeute TCC","isPartOf":{"@id":"https:\/\/murielcollache-tcc.com\/#website"},"datePublished":"2020-10-21T11:49:43+00:00","dateModified":"2024-03-17T12:57:57+00:00","description":"Je re\u00e7ois en consultation des adultes et adolescents \u00e0 Muel. Mon accompagnement est bas\u00e9 sur les th\u00e9rapies \u00e9motionnelles, cognitives et comportementales.","breadcrumb":{"@id":"https:\/\/murielcollache-tcc.com\/#breadcrumb"},"inLanguage":"fr-FR","potentialAction":[{"@type":"ReadAction","target":["https:\/\/murielcollache-tcc.com\/"]}]},{"@type":"BreadcrumbList","@id":"https:\/\/murielcollache-tcc.com\/#breadcrumb","itemListElement":[{"@type":"ListItem","position":1,"name":"Accueil","item":"https:\/\/murielcollache-tcc.com\/"},{"@type":"ListItem","position":2,"name":"Accueil"}]}]}},"_links":{"self":[{"href":"https:\/\/murielcollache-tcc.com\/index.php\/wp-json\/wp\/v2\/pages\/22","targetHints":{"allow":["GET"]}}],"collection":[{"href":"https:\/\/murielcollache-tcc.com\/index.php\/wp-json\/wp\/v2\/pages"}],"about":[{"href":"https:\/\/murielcollache-tcc.com\/index.php\/wp-json\/wp\/v2\/types\/page"}],"author":[{"embeddable":true,"href":"https:\/\/murielcollache-tcc.com\/index.php\/wp-json\/wp\/v2\/users\/1"}],"replies":[{"embeddable":true,"href":"https:\/\/murielcollache-tcc.com\/index.php\/wp-json\/wp\/v2\/comments?post=22"}],"version-history":[{"count":2,"href":"https:\/\/murielcollache-tcc.com\/index.php\/wp-json\/wp\/v2\/pages\/22\/revisions"}],"predecessor-version":[{"id":116,"href":"https:\/\/murielcollache-tcc.com\/index.php\/wp-json\/wp\/v2\/pages\/22\/revisions\/116"}],"wp:attachment":[{"href":"https:\/\/murielcollache-tcc.com\/index.php\/wp-json\/wp\/v2\/media?parent=22"}],"curies":[{"name":"wp","href":"https:\/\/api.w.org\/{rel}","templated":true}]}}